{"id":1373,"date":"2025-06-23T09:05:33","date_gmt":"2025-06-23T08:05:33","guid":{"rendered":"https:\/\/zmar.webdevfmt\/?post_type=product&#038;p=1373"},"modified":"2025-07-22T10:20:51","modified_gmt":"2025-07-22T09:20:51","slug":"joker-boat-515-l8","status":"publish","type":"product","link":"https:\/\/zmargallipoli.it\/en\/product\/joker-boat-515-l8\/","title":{"rendered":"Joker Boat 515 L8"},"content":{"rendered":"<p><strong>Engine: Yamaha 40 hp<\/strong><br \/>\nElegante gommone tra i pi\u00f9 contenuti della nostra flotta classe 500. Il layout della coperta \u00e8 orientato alla comodit\u00e0 sia in navigazione, sia all\u2019 ancora, ideale per un uscita in coppia giornaliera. Prendisole comodo tappezzato chiaro e un ottimo tendalino contenuto ma efficace. Tra i suoi pregi spicca la maneggevolezza e la rapidit\u00e0 di manovra. Le dimensioni contenute sicuramente aiutano a trovare spazio nelle rade pi\u00f9 affollate. Massimo 4 passeggeri<\/p>\n<p>TUTTI I PREZZI SI INTENDONO IVA INCLUSA E BENZINA ESCLUSA<\/p>","protected":false},"excerpt":{"rendered":"<p>Motore: Yamaha 40 cv Elegante gommone tra i pi\u00f9 contenuti della nostra flotta classe 500. Il layout della coperta \u00e8 orientato alla comodit\u00e0 sia in navigazione, sia all\u2019 ancora, ideale per un uscita in coppia giornaliera. Prendisole comodo tappezzato chiaro e un ottimo tendalino contenuto ma efficace. Tra i suoi pregi spicca la maneggevolezza e la rapidit\u00e0 di manovra. Le dimensioni contenute sicuramente aiutano a trovare spazio nelle rade pi\u00f9 affollate. Massimo 4 passeggeri TUTTI I PREZZI SI INTENDONO IVA INCLUSA E BENZINA ESCLUSA<\/p>","protected":false},"featured_media":831,"template":"","meta":[],"product_brand":[],"product_cat":[33],"product_tag":[],"class_list":{"0":"post-1373","1":"product","2":"type-product","3":"status-publish","4":"has-post-thumbnail","6":"product_cat-classe-500","8":"first","9":"instock","10":"virtual","11":"sold-individually","12":"taxable","13":"purchasable","14":"product-type-booking"},"booking_location":"","booking_location_type":"","booking_duration":1,"booking_duration_unit":"minute","booking_buffer":0,"booking_cost":0,"booking_resources":[1339,1350,1351,1352,1353,1340,1346,1347,1348,1349,1341,1342,1343,1344,1345],"_links":{"self":[{"href":"https:\/\/zmargallipoli.it\/en\/wp-json\/wp\/v2\/product\/1373","targetHints":{"allow":["GET"]}}],"collection":[{"href":"https:\/\/zmargallipoli.it\/en\/wp-json\/wp\/v2\/product"}],"about":[{"href":"https:\/\/zmargallipoli.it\/en\/wp-json\/wp\/v2\/types\/product"}],"wp:featuredmedia":[{"embeddable":true,"href":"https:\/\/zmargallipoli.it\/en\/wp-json\/wp\/v2\/media\/831"}],"wp:attachment":[{"href":"https:\/\/zmargallipoli.it\/en\/wp-json\/wp\/v2\/media?parent=1373"}],"wp:term":[{"taxonomy":"product_brand","embeddable":true,"href":"https:\/\/zmargallipoli.it\/en\/wp-json\/wp\/v2\/product_brand?post=1373"},{"taxonomy":"product_cat","embeddable":true,"href":"https:\/\/zmargallipoli.it\/en\/wp-json\/wp\/v2\/product_cat?post=1373"},{"taxonomy":"product_tag","embeddable":true,"href":"https:\/\/zmargallipoli.it\/en\/wp-json\/wp\/v2\/product_tag?post=1373"}],"curies":[{"name":"wp","href":"https:\/\/api.w.org\/{rel}","templated":true}]}}